{"id":4472,"date":"2017-04-05T08:51:14","date_gmt":"2017-04-05T07:51:14","guid":{"rendered":"http:\/\/ericante.fr\/?page_id=4472"},"modified":"2025-06-30T06:47:23","modified_gmt":"2025-06-30T05:47:23","slug":"presentation","status":"publish","type":"page","link":"https:\/\/ericante.fr\/?page_id=4472","title":{"rendered":"L&rsquo;\u00e9quipage"},"content":{"rendered":"<p><strong>Qui sommes nous\u00a0? Et pourquoi ce blog\u00a0?<\/strong><\/p>\n<p style=\"text-align: justify;\"><a href=\"https:\/\/ericante.fr\/wp-content\/uploads\/2017\/04\/2015-10-11-16h15-Nous-2-a-Trani-.jpg\"><img loading=\"lazy\" decoding=\"async\" class=\" wp-image-4477 alignright\" src=\"https:\/\/ericante.fr\/wp-content\/uploads\/2017\/04\/2015-10-11-16h15-Nous-2-a-Trani--300x225.jpg\" alt=\"\" width=\"342\" height=\"256\" srcset=\"https:\/\/ericante.fr\/wp-content\/uploads\/2017\/04\/2015-10-11-16h15-Nous-2-a-Trani--300x225.jpg 300w, https:\/\/ericante.fr\/wp-content\/uploads\/2017\/04\/2015-10-11-16h15-Nous-2-a-Trani--768x576.jpg 768w, https:\/\/ericante.fr\/wp-content\/uploads\/2017\/04\/2015-10-11-16h15-Nous-2-a-Trani-.jpg 1024w\" sizes=\"auto, (max-width: 342px) 100vw, 342px\" \/><\/a>Le capitaine Eric navigue depuis l&rsquo;enfance. Il a appris avec son p\u00e8re sur de petits voiliers de croisi\u00e8re. Puis sur un Chassiron de 9 m. Ensuite, apr\u00e8s quelques ann\u00e9es de location, sur un Etap 22i, voilier de petite croisi\u00e8re transportable.<\/p>\n<p style=\"text-align: justify;\">La \u00ab\u00a0copitaine\u00a0\u00bb dite Ant\u00e9 n&rsquo;est venue \u00e0 la voile que plus tard, \u00e7a fait quand m\u00eame plus de 25 ans. Apr\u00e8s une initiation sur l&rsquo;Etap, quelques cours sur hobie cat, elle passe tous les permis, y compris hauturier.<\/p>\n<p style=\"text-align: justify;\">Nous avons lou\u00e9 plusieurs voiliers avant de nous d\u00e9cider \u00e0 faire construire l&rsquo;Ericante de 2008 \u00e0 2010.<\/p>\n<p style=\"text-align: justify;\">La construction a \u00e9t\u00e9 tr\u00e8s instructive. Nous avons d\u00e9couvert l&rsquo;un et l&rsquo;autre des quantit\u00e9s de domaines que nous ne connaissions pas.<\/p>\n<p style=\"text-align: justify;\">Nous avons navigu\u00e9 tous les deux 6 \u00e0 8 mois par an pendant 10 ans sur notre voilier Ericante le long des c\u00f4tes europ\u00e9ennes.<\/p>\n<p style=\"text-align: justify;\">Depuis 2022 nous naviguons sur MegaWatt, un Greenline 33. Il s&rsquo;agit d&rsquo;un bateau \u00e0 moteur hybride entrant dans la cat\u00e9gorie des Trawlers. C&rsquo;est-\u00e0-dire un bateau \u00e0 moteur de croisi\u00e8re privil\u00e9giant le confort de vie \u00e0 bord plut\u00f4t que la vitesse.<\/p>\n<p style=\"text-align: justify;\">Notre programme sera maintenant essentiellement fluvial, avec quelques \u00e9tapes maritimes c\u00f4ti\u00e8res pour passer d&rsquo;un r\u00e9seau fluvial \u00e0 un autre.<\/p>\n<p style=\"text-align: justify;\">Vous trouverez dans notre blog tous nos p\u00e9riples.<\/p>\n<p style=\"text-align: justify;\"><strong>Pourquoi un blog\u00a0?<\/strong><\/p>\n<p style=\"text-align: justify;\">D&rsquo;abord, parce que nous avons lu de nombreux blogs avant et pendant la construction. La plupart nous ont appris beaucoup et nous ont fait r\u00eaver.<\/p>\n<p style=\"padding-left: 30px; text-align: justify;\">-L&rsquo;id\u00e9e de d\u00e9part \u00e9tait de tenir la famille et les amis inform\u00e9s de nos aventures.<\/p>\n<p style=\"padding-left: 30px; text-align: justify;\">-Puis nous nous sommes aper\u00e7us que nous lisions souvent les blogs des navigateurs nous ayant pr\u00e9c\u00e9d\u00e9s dans les coins o\u00f9 nous allions. Il nous a sembl\u00e9 normal de donner \u00e0 notre tour des informations sur ce que nous avons vu et v\u00e9cu.<\/p>\n<p style=\"padding-left: 30px; text-align: justify;\">-Enfin ce r\u00e9cit de nos voyages constitue pour nous un album de souvenir. Dans cet album, nous allons de temps en temps puiser un d\u00e9tail oubli\u00e9 ou une information pour un plaisancier qui va dans une r\u00e9gion que nous avons visit\u00e9<\/p>\n<p style=\"text-align: justify;\">Eric et Ant\u00e9 \u00e0 bord de Megawatt<\/p>\n","protected":false},"excerpt":{"rendered":"<p>Qui sommes nous\u00a0? Et pourquoi ce blog\u00a0? Le capitaine Eric navigue depuis l&rsquo;enfance. Il a appris avec son p\u00e8re sur de petits voiliers de croisi\u00e8re. Puis sur un Chassiron de 9 m. Ensuite, apr\u00e8s quelques ann\u00e9es de location, sur un &hellip; <a href=\"https:\/\/ericante.fr\/?page_id=4472\">Continuer la lecture <span class=\"meta-nav\">&rarr;<\/span><\/a><\/p>\n","protected":false},"author":1,"featured_media":0,"parent":0,"menu_order":2,"comment_status":"closed","ping_status":"closed","template":"","meta":{"_monsterinsights_skip_tracking":false,"_monsterinsights_sitenote_active":false,"_monsterinsights_sitenote_note":"","_monsterinsights_sitenote_category":0,"_uf_show_specific_survey":0,"_uf_disable_surveys":false,"footnotes":""},"class_list":["post-4472","page","type-page","status-publish","hentry"],"_links":{"self":[{"href":"https:\/\/ericante.fr\/index.php?rest_route=\/wp\/v2\/pages\/4472","targetHints":{"allow":["GET"]}}],"collection":[{"href":"https:\/\/ericante.fr\/index.php?rest_route=\/wp\/v2\/pages"}],"about":[{"href":"https:\/\/ericante.fr\/index.php?rest_route=\/wp\/v2\/types\/page"}],"author":[{"embeddable":true,"href":"https:\/\/ericante.fr\/index.php?rest_route=\/wp\/v2\/users\/1"}],"replies":[{"embeddable":true,"href":"https:\/\/ericante.fr\/index.php?rest_route=%2Fwp%2Fv2%2Fcomments&post=4472"}],"version-history":[{"count":5,"href":"https:\/\/ericante.fr\/index.php?rest_route=\/wp\/v2\/pages\/4472\/revisions"}],"predecessor-version":[{"id":9810,"href":"https:\/\/ericante.fr\/index.php?rest_route=\/wp\/v2\/pages\/4472\/revisions\/9810"}],"wp:attachment":[{"href":"https:\/\/ericante.fr\/index.php?rest_route=%2Fwp%2Fv2%2Fmedia&parent=4472"}],"curies":[{"name":"wp","href":"https:\/\/api.w.org\/{rel}","templated":true}]}}