{"id":4,"date":"2015-07-28T13:56:12","date_gmt":"2015-07-28T12:56:12","guid":{"rendered":"http:\/\/ericante.fr\/?page_id=4"},"modified":"2025-06-30T06:30:58","modified_gmt":"2025-06-30T05:30:58","slug":"le-bateau","status":"publish","type":"page","link":"https:\/\/ericante.fr\/?page_id=4","title":{"rendered":"Les bateaux"},"content":{"rendered":"\r\n<p><strong>MEGA WATT<\/strong><\/p>\r\n\r\n\r\n\r\n<figure class=\"wp-block-image\"><a href=\"https:\/\/ericante.fr\/wp-content\/uploads\/2022\/04\/MW-a-Port-St-Louis-e1650728852938.jpeg\"><img loading=\"lazy\" decoding=\"async\" class=\"alignnone wp-image-6282\" src=\"https:\/\/ericante.fr\/wp-content\/uploads\/2022\/04\/MW-a-Port-St-Louis-e1650728852938.jpeg\" alt=\"\" width=\"400\" height=\"300\" \/><\/a><\/figure>\r\n\r\n\r\n\r\n<p>Mega Watt est un trawler hydride long de 9,99 m et large de 3,47 m.<br \/>Un moteur diesel VW de 165 CV et un moteur \u00e9lectrique de 7 KW avec lequel il est th\u00e9oriquement possible de naviguer une journ\u00e9e enti\u00e8re \u00e0 la vitesse de 3,5 noeuds, id\u00e9ale pour les canaux.<br \/>Un grand salon de pont avec barre int\u00e9rieure et une cuisine qui peut s\u2019ouvrir sur le cockpit<\/p>\r\n\r\n\r\n\r\n<p>Longueur HT \u00a0 \u00a0 \u00a0 \u00a0 \u00a0 \u00a0 \u00a0 \u00a0 \u00a0<strong>\u00a09,99 m<\/strong><br \/>Longueur de coque \u00a0 \u00a0 \u00a0 \u00a0 \u00a0\u00a0\u00a0<strong>9,99 m<\/strong><br \/>Longueur de flottaison \u00a0 \u00a0\u00a0\u00a0<strong>9,85 m<\/strong><br \/>Largeur \u00a0 \u00a0 \u00a0 \u00a0 \u00a0 \u00a0 \u00a0 \u00a0 \u00a0 \u00a0 \u00a0 \u00a0 \u00a0 \u00a0 \u00a0\u00a0\u00a0<strong>3,47 m<\/strong><br \/>Tirant d\u2019eau\u00a0\u00a0<strong>0,75 m<\/strong><br \/>Tirant d\u2019air \u00a0 \u00a0 \u00a0 \u00a0 \u00a0 \u00a0 \u00a0 \u00a0 \u00a0 \u00a0 \u00a0 \u00a0\u00a0\u00a0<strong>3,1 m<\/strong><br \/>Tirant d\u2019air sans m\u00e2tereau \u00a0<strong>2,55 m<\/strong><br \/>D\u00e9placement l\u00e8ge \u00a0 \u00a0 \u00a0 \u00a0 \u00a0 \u00a0 \u00a0<strong>5,1 tonnes<\/strong><br \/>D\u00e9placement en charge \u00a0 \u00a0\u00a0\u00a0<strong>6,8 tonnes<\/strong><\/p>\r\n\r\n\r\n\r\n<p>1 moteur diesel Volkswagen\u00a0<strong>165 CV<\/strong><br \/>1 moteur \u00e9lectrique\u00a0\u00a0<strong>7 KW<\/strong><br \/>1 batterie lithium\u00a0\u00a0<strong>240 Ah<\/strong><br \/>6 panneaux solaires\u00a0<strong>1 800 W<\/strong><br \/>1 h\u00e9lice\u00a0\u00a0<strong>5 palles<\/strong><br \/>Gasoil \u00a0 \u00a0 \u00a0 \u00a0 \u00a0 \u00a0 \u00a0 \u00a0 \u00a0 \u00a0\u00a0<strong>\u00a0 \u00a0 430 l<\/strong><br \/>Eau \u00a0 \u00a0 \u00a0 \u00a0 \u00a0 \u00a0 \u00a0 \u00a0 \u00a0 \u00a0 \u00a0 \u00a0\u00a0\u00a0<strong>300 l\u00a0<\/strong><br \/>Eaux noires \u00a0 \u00a0 \u00a0 \u00a0 \u00a0 \u00a0 \u00a0\u00a0<strong>80 l<\/strong><\/p>\r\n\r\n\r\n\r\n<p>Salon de pont avec poste de barre<br \/>1 cabine<br \/>1 cabinet de toilette avec douche et WC<br \/>Nombreux rangements.<br \/>Cuisine pouvant s\u2019ouvrir sur le cockpit<br \/>Tableau arri\u00e8re basculant<\/p>\r\n\r\n\r\n\r\n<p>Ecran traceur Axiom 9<br \/>An\u00e9mom\u00e8tre \u00e0 ultrason<br \/>Loch, Speedo, Sondeur<br \/>Pilote automatique<br \/>AIS avec transpondeur<br \/>VHF Navicom + 1 portable Uship<\/p>\r\n\r\n\r\n\r\n<p>2 plaques \u00e0 induction<br \/>Four\/Micro-onde<br \/>R\u00e9frig\u00e9rateur-cong\u00e9lateur 240 l<br \/>Climatisation r\u00e9versible<br \/>Chauffage Ebersp\u00e4cher<br \/>Chauffe-eau Sigmar 20 l<\/p>\r\n\r\n\r\n\r\n<p>1 ancre inox + 40 m de chaine de 8<br \/>1 Guindeau \u00e9lectrique Quick axe vertical 500 W<br \/>1 annexe gonflable<\/p>\r\n\r\n\r\n\r\n<p>\/\/\/\/\/\/\/\/\/\/\/\/\/\/\/\/\/\/\/\/\/\/\/\/\/\/\/\/\/\/\/\/\/\/\/\/\/\/\/\/\/\/\/\/\/\/\/\/\/\/\/\/\/\/\/\/\/\/\/\/\/\/\/\/\/\/\/\/\/\/\/\/\/\/\/\/\/\/\/\/\/\/\/\/\/\/\/\/\/<\/p>\r\n\r\n\r\n\r\n<p class=\"has-text-align-center\"><strong>ERICANTE<\/strong><\/p>\r\n\r\n\r\n\r\n<figure class=\"wp-block-image\"><a href=\"https:\/\/ericante.fr\/wp-content\/uploads\/2016\/11\/2011-05-15-8h49-GV-genois-Irlande.jpg\"><img loading=\"lazy\" decoding=\"async\" width=\"300\" height=\"225\" class=\"wp-image-4254\" src=\"https:\/\/ericante.fr\/wp-content\/uploads\/2016\/11\/2011-05-15-8h49-GV-genois-Irlande-300x225.jpg\" alt=\"2011-05-15-8h49-gv-genois-irlande\" srcset=\"https:\/\/ericante.fr\/wp-content\/uploads\/2016\/11\/2011-05-15-8h49-GV-genois-Irlande-300x225.jpg 300w, https:\/\/ericante.fr\/wp-content\/uploads\/2016\/11\/2011-05-15-8h49-GV-genois-Irlande-768x576.jpg 768w, https:\/\/ericante.fr\/wp-content\/uploads\/2016\/11\/2011-05-15-8h49-GV-genois-Irlande.jpg 1024w\" sizes=\"auto, (max-width: 300px) 100vw, 300px\" \/><\/a><\/figure>\r\n\r\n\r\n\r\n<div class=\"wp-block-image\">\r\n<figure class=\"alignright\"><img loading=\"lazy\" decoding=\"async\" width=\"300\" height=\"225\" class=\"wp-image-4255\" src=\"https:\/\/ericante.fr\/wp-content\/uploads\/2016\/11\/Photo-043-300x225.jpg\" alt=\"photo-043\" srcset=\"https:\/\/ericante.fr\/wp-content\/uploads\/2016\/11\/Photo-043-300x225.jpg 300w, https:\/\/ericante.fr\/wp-content\/uploads\/2016\/11\/Photo-043-768x576.jpg 768w, https:\/\/ericante.fr\/wp-content\/uploads\/2016\/11\/Photo-043.jpg 1024w\" sizes=\"auto, (max-width: 300px) 100vw, 300px\" \/><\/figure>\r\n<\/div>\r\n\r\n\r\n\r\n<p>L\u2019Ericante est un voilier en aluminium de 13, 50 m de long et de 4,45 m de large.<br \/>Il a \u00e9t\u00e9 dessin\u00e9 par Gildas PLESSIS et construit par alumarine.<br \/>C\u2019est un d\u00e9riveur lest\u00e9 avec 2 moteurs et 2 safrans<br \/>Il a un salon de pont, une grande cabine arri\u00e8re et une large plage arri\u00e8re.<br \/>L\u2019Ericante est facilement reconnaissable gr\u00e2ce \u00e0 son m\u00e2t vert<\/p>\r\n\r\n\r\n\r\n<div class=\"wp-block-image\">\r\n<figure class=\"aligncenter\"><a href=\"https:\/\/ericante.fr\/wp-content\/uploads\/2016\/11\/19-9-12-11h42-rematage-Rouen-Ericante.jpg\"><img loading=\"lazy\" decoding=\"async\" width=\"300\" height=\"223\" class=\"wp-image-4253\" src=\"https:\/\/ericante.fr\/wp-content\/uploads\/2016\/11\/19-9-12-11h42-rematage-Rouen-Ericante-300x223.jpg\" alt=\"19-9-12-11h42-rematage-rouen-ericante\" srcset=\"https:\/\/ericante.fr\/wp-content\/uploads\/2016\/11\/19-9-12-11h42-rematage-Rouen-Ericante-300x223.jpg 300w, https:\/\/ericante.fr\/wp-content\/uploads\/2016\/11\/19-9-12-11h42-rematage-Rouen-Ericante-768x572.jpg 768w, https:\/\/ericante.fr\/wp-content\/uploads\/2016\/11\/19-9-12-11h42-rematage-Rouen-Ericante.jpg 1024w\" sizes=\"auto, (max-width: 300px) 100vw, 300px\" \/><\/a><\/figure>\r\n<\/div>\r\n\r\n\r\n\r\n<p>Type \u00a0 \u00a0 \u00a0 \u00a0 \u00a0 \u00a0\u00a0<strong>Ellya 43<\/strong><br \/>Architecte\u00a0 \u00a0<strong>Gildas Plessis<\/strong><br \/>Chantier \u00a0 \u00a0 \u00a0<strong>Alumarine<\/strong><br \/>Ann\u00e9e de construction<strong> 2010<\/strong><\/p>\r\n\r\n\r\n\r\n<p>Longueur HT \u00a0 \u00a0 \u00a0 \u00a0 \u00a0 \u00a0 \u00a0 \u00a0 \u00a0 \u00a0<strong>13,50 m<\/strong><br \/>Longueur de coque \u00a0 \u00a0 \u00a0 \u00a0 \u00a0<strong>13,00 m<\/strong><br \/>Longueur de flottaison \u00a0 \u00a0<strong>12,75 m<\/strong><br \/>Largeur \u00a0 \u00a0 \u00a0 \u00a0 \u00a0 \u00a0 \u00a0 \u00a0 \u00a0 \u00a0 \u00a0 \u00a0 \u00a0 \u00a0 \u00a0 \u00a0<strong>4,45 m<\/strong><br \/>Tirant d&rsquo;eau d\u00e9rive haute <strong>1,05 m<\/strong><br \/>Tirant d&rsquo;eau\u00a0d\u00e9rive basse \u00a0\u00a0<strong>2,70 m<\/strong><br \/>Tirant d&rsquo;air \u00a0 \u00a0 \u00a0 \u00a0 \u00a0 \u00a0 \u00a0 \u00a0 \u00a0 \u00a0 \u00a0 \u00a0<strong>19 m<\/strong><br \/>Tirant d&rsquo;air d\u00e9m\u00e2t\u00e9 \u00a0 \u00a0 \u00a0 \u00a0 \u00a0 \u00a0<strong>2,45 m<\/strong><br \/>D\u00e9placement l\u00e8ge \u00a0 \u00a0 \u00a0 \u00a0 \u00a0 \u00a0 \u00a0<strong>12 tonnes<\/strong><br \/>D\u00e9placement en charge \u00a0 \u00a0<strong>16 tonnes<\/strong><br \/>2 safrans<br \/>Une barre \u00e0 roue d\u00e9centr\u00e9e<br \/>Grand cockpit<br \/>Large jupe arri\u00e8re<\/p>\r\n\r\n\r\n\r\n<p>Grand voile \u00a0\u00a0<strong>49 m\u00b2<\/strong><br \/>Trinquette \u00a0 \u00a0\u00a0<strong>26 m\u00b2<\/strong><br \/>G\u00e9nois \u00a0 \u00a0 \u00a0 \u00a0 \u00a0\u00a0<strong>49 m\u00b2<\/strong><br \/>Geenaker \u00a0 \u00a0 \u00a0\u00a0<strong>90 m\u00b2<\/strong><\/p>\r\n\r\n\r\n\r\n<p>2 moteurs Volvo de 2017\u00a0 \u00a0<strong>2 x 30 cv<\/strong><br \/>2 h\u00e9lices Volvo repliables<br \/>Groupe Paguro \u00a0 \u00a0 \u00a0 \u00a0\u00a0<strong>5 KW<\/strong><br \/>Dessalinisateur \u00a0 \u00a0 \u00a0 \u00a0<strong>60 l\/h<\/strong><br \/>Gasoil \u00a0 \u00a0 \u00a0 \u00a0 \u00a0 \u00a0 \u00a0 \u00a0 \u00a0 \u00a0 \u00a0 \u00a0\u00a0<strong>390 l<\/strong><br \/>Eau \u00a0 \u00a0 \u00a0 \u00a0 \u00a0 \u00a0 \u00a0 \u00a0 \u00a0 \u00a0 \u00a0 \u00a0 \u00a0 \u00a0<strong>2 x 200 l\u00a0 \u00a0<\/strong><\/p>\r\n\r\n\r\n\r\n<p>Eaux grises \u00a0 \u00a0 \u00a0 \u00a0 \u00a0 \u00a0 \u00a0\u00a0<strong>80 l<\/strong><br \/>Eaux noires \u00a0 \u00a0 \u00a0 \u00a0 \u00a0 \u00a0 \u00a0<strong>80 l<\/strong><\/p>\r\n\r\n\r\n\r\n<p>Salon de pont<br \/>2 cabines<br \/>1 WC<br \/>1 cabinet de toilette avec douche<br \/>Nombreux rangements<\/p>\r\n\r\n\r\n\r\n<p>Ecran Raymarine<br \/>R\u00e9p\u00e9titeurs \u00e0 la table \u00e0 carte<br \/>Loch, Speedo, Sondeur.<br \/>AIS avec transpondeur<br \/>VHF ICOM M505 + 1 d\u00e9port\u00e9 au cockpit, Radar Raymarine + 1 portable Radio Oc\u00e9an Pocket 2004\u00a0<\/p>\r\n\r\n\r\n\r\n<p>1 balise EPIRB Oc\u00e9an signal\u00a01 antenne WIFI Webcatcher avec routeur<br \/>1 iridium avec antenne<br \/>6 batteries de servitude 2017\u00a0\u00a0<strong>6 x 100AH, <\/strong>1 transformateur et 2 chargeurs 40 A\/h<br \/>3 batteries moteurs \u00a0 \u00a0 \u00a0 \u00a0\u00a0<strong>3 x 100 AH<\/strong><br \/>4 panneaux solaires \u00a0 \u00a0 \u00a0 \u00a0\u00a0<strong>4 x 50\u00a0W<\/strong><br \/>1 \u00e9olienne Silentwind<br \/>Guindeau \u00e9lectrique Quick 1500 W<br \/>V\u00e9rin hydraulique de relevage d\u00e9rive<\/p>\r\n\r\n\r\n\r\n<p>Cuisini\u00e8re gasoil Wallas<br \/>R\u00e9frig\u00e9rateur Waeco<br \/>Cong\u00e9lateur Waeco<br \/>Chauffage Webasto<\/p>\r\n\r\n\r\n\r\n<p>Chauffe-eau Sigmar 40 l<\/p>\r\n\r\n\r\n\r\n<p>1 machine \u00e0 laver s\u00e9chante Brandt 6 kg<\/p>\r\n\r\n\r\n\r\n<p>1 Ancre Delta 25 kg + 50 m cha\u00eene 10 + 40 m C\u00e2blot<br \/>1 ancre Fortress 8 kg + 12 m cha\u00eene 10 + 35 m bout plomb\u00e9<br \/>1 annexe en dur Funyak<br \/>1 moteur \u00e9lectrique Torqeedo 1003.<\/p>\r\n\r\n\r\n\r\n<p>\/\/\/\/\/\/\/\/\/\/\/\/\/\/\/\/\/\/\/\/\/\/\/\/\/\/\/\/\/\/\/\/\/\/\/\/\/\/\/\/\/\/\/\/\/\/\/\/\/\/\/\/\/\/\/\/\/\/\/\/\/\/\/\/\/\/\/\/\/\/\/\/\/\/\/\/\/\/\/\/\/\/\/\/\/\/\/\/\/<\/p>\r\n\r\n\r\n\r\n<p class=\"has-text-align-center\">\u00a0<\/p>\r\n","protected":false},"excerpt":{"rendered":"<p>MEGA WATT Mega Watt est un trawler hydride long de 9,99 m et large de 3,47 m.Un moteur diesel VW de 165 CV et un moteur \u00e9lectrique de 7 KW avec lequel il est th\u00e9oriquement possible de naviguer une journ\u00e9e &hellip; <a href=\"https:\/\/ericante.fr\/?page_id=4\">Continuer la lecture <span class=\"meta-nav\">&rarr;<\/span><\/a><\/p>\n","protected":false},"author":1,"featured_media":0,"parent":0,"menu_order":1,"comment_status":"open","ping_status":"closed","template":"","meta":{"_monsterinsights_skip_tracking":false,"_monsterinsights_sitenote_active":false,"_monsterinsights_sitenote_note":"","_monsterinsights_sitenote_category":0,"_uf_show_specific_survey":0,"_uf_disable_surveys":false,"footnotes":""},"class_list":["post-4","page","type-page","status-publish","hentry"],"_links":{"self":[{"href":"https:\/\/ericante.fr\/index.php?rest_route=\/wp\/v2\/pages\/4","targetHints":{"allow":["GET"]}}],"collection":[{"href":"https:\/\/ericante.fr\/index.php?rest_route=\/wp\/v2\/pages"}],"about":[{"href":"https:\/\/ericante.fr\/index.php?rest_route=\/wp\/v2\/types\/page"}],"author":[{"embeddable":true,"href":"https:\/\/ericante.fr\/index.php?rest_route=\/wp\/v2\/users\/1"}],"replies":[{"embeddable":true,"href":"https:\/\/ericante.fr\/index.php?rest_route=%2Fwp%2Fv2%2Fcomments&post=4"}],"version-history":[{"count":5,"href":"https:\/\/ericante.fr\/index.php?rest_route=\/wp\/v2\/pages\/4\/revisions"}],"predecessor-version":[{"id":9808,"href":"https:\/\/ericante.fr\/index.php?rest_route=\/wp\/v2\/pages\/4\/revisions\/9808"}],"wp:attachment":[{"href":"https:\/\/ericante.fr\/index.php?rest_route=%2Fwp%2Fv2%2Fmedia&parent=4"}],"curies":[{"name":"wp","href":"https:\/\/api.w.org\/{rel}","templated":true}]}}