{"id":3062,"date":"2016-01-14T14:07:50","date_gmt":"2016-01-14T13:07:50","guid":{"rendered":"http:\/\/ericante.fr\/?page_id=3062"},"modified":"2025-06-30T07:31:47","modified_gmt":"2025-06-30T06:31:47","slug":"rencontres","status":"publish","type":"page","link":"https:\/\/ericante.fr\/?page_id=3062","title":{"rendered":"Les rencontres"},"content":{"rendered":"<p style=\"text-align: justify;\">Les rencontres avec d&rsquo;autres navigateurs et navigatrices constituent un des temps forts de la navigation telle que nous la pratiquons. Il s&rsquo;agit d&rsquo;une dimension que nous n&rsquo;imaginions pas quand nous sommes partis en 2011. Ayant navigu\u00e9 auparavant sur des petits bateaux ou sur des bateaux de location, nous \u00e9tions le plus souvent avec un \u00e9quipage nombreux et avions un programme ambitieux dans une dur\u00e9e limit\u00e9e. Moyennant quoi, nos rapports avec les autres plaisanciers que nous c\u00f4toyons \u00e9taient toujours superficiels.<\/p>\n<p style=\"text-align: justify;\">Aujourd&rsquo;hui, nous naviguons \u00e0 deux et avons presque toujours du temps devant nous. D&rsquo;autre part, nous naviguons en dehors des p\u00e9riodes d&rsquo;affluence. Lorsque nous arrivons dans un port ou un mouillage ,nous rep\u00e9rons tr\u00e8s rapidement le ou les bateaux de voyage des personnes qui naviguent comme nous et, surtout s&rsquo;ils arborent un pavillon fran\u00e7ais, allons facilement vers eux.<\/p>\n<p style=\"text-align: justify;\">Ces rencontres constituent une relation sociale d&rsquo;un caract\u00e8re tout \u00e0 fait particulier, diff\u00e9rent des relations que nous avions connues avant, qu&rsquo;elles soient familiales, professionnelles ou de voisinage.<\/p>\n<p style=\"text-align: justify;\">D&rsquo;abord, nous partageons la m\u00eame passion et des pr\u00e9occupations communes. Il est toujours int\u00e9ressant de voir le bateau des autres, quelles solutions ont-ils apport\u00e9es aux probl\u00e8mes que nous avons tous ? l&rsquo;on s&rsquo;aper\u00e7oit vite qu&rsquo;il n&rsquo;y a pas deux bateaux semblables et nous rapportons souvent de ces visites des id\u00e9es d&rsquo;am\u00e9lioration ou de modification que nous pourrions appliquer \u00e0 notre bateau. Sans \u00eatre vraiment chauvins, quand nous rentrons \u00e0 bord, nous trouvons toujours que, finalement, m\u00eame si c&rsquo;est bien chez les autres, nous nous sentons mieux chez nous, car nous avons choisi les compromis qui nous conviennent. Un confort certain sur un bateau s\u00fbr qui marche bien.<\/p>\n<p style=\"text-align: justify;\">Mais les dimensions essentielles de ces relations sont d&rsquo;une part l&rsquo;abolition des fronti\u00e8res sociales, quelle que soit leur origine et le type de bateau, nous rencontrons d&rsquo;abord des navigateurs avec lesquels on communie sans enjeu ni comp\u00e9tition. Et d&rsquo;autre part, le c\u00f4t\u00e9 \u00e9ph\u00e9m\u00e8re de la rencontre, autorise une sinc\u00e9rit\u00e9 qui n&rsquo;est pas de mise \u00e0 terre. Le mensonge et l&rsquo;hypocrisie n&rsquo;ont pas leur place. On se croise, on ne se reverra probablement pas, bien qu&rsquo;il n&rsquo;y ait que \u00ables montagnes qui ne se rencontrent jamais\u00bb, comme nous l&rsquo;a dit Papillon, solitaire, que nous avons crois\u00e9 \u00e0 Mad\u00e8re, aux Canaries puis aux A\u00e7ores.<\/p>\n","protected":false},"excerpt":{"rendered":"<p>Les rencontres avec d&rsquo;autres navigateurs et navigatrices constituent un des temps forts de la navigation telle que nous la pratiquons. Il s&rsquo;agit d&rsquo;une dimension que nous n&rsquo;imaginions pas quand nous sommes partis en 2011. Ayant navigu\u00e9 auparavant sur des petits &hellip; <a href=\"https:\/\/ericante.fr\/?page_id=3062\">Continuer la lecture <span class=\"meta-nav\">&rarr;<\/span><\/a><\/p>\n","protected":false},"author":1,"featured_media":0,"parent":0,"menu_order":7,"comment_status":"closed","ping_status":"closed","template":"","meta":{"_monsterinsights_skip_tracking":false,"_monsterinsights_sitenote_active":false,"_monsterinsights_sitenote_note":"","_monsterinsights_sitenote_category":0,"_uf_show_specific_survey":0,"_uf_disable_surveys":false,"footnotes":""},"class_list":["post-3062","page","type-page","status-publish","hentry"],"_links":{"self":[{"href":"https:\/\/ericante.fr\/index.php?rest_route=\/wp\/v2\/pages\/3062","targetHints":{"allow":["GET"]}}],"collection":[{"href":"https:\/\/ericante.fr\/index.php?rest_route=\/wp\/v2\/pages"}],"about":[{"href":"https:\/\/ericante.fr\/index.php?rest_route=\/wp\/v2\/types\/page"}],"author":[{"embeddable":true,"href":"https:\/\/ericante.fr\/index.php?rest_route=\/wp\/v2\/users\/1"}],"replies":[{"embeddable":true,"href":"https:\/\/ericante.fr\/index.php?rest_route=%2Fwp%2Fv2%2Fcomments&post=3062"}],"version-history":[{"count":5,"href":"https:\/\/ericante.fr\/index.php?rest_route=\/wp\/v2\/pages\/3062\/revisions"}],"predecessor-version":[{"id":9812,"href":"https:\/\/ericante.fr\/index.php?rest_route=\/wp\/v2\/pages\/3062\/revisions\/9812"}],"wp:attachment":[{"href":"https:\/\/ericante.fr\/index.php?rest_route=%2Fwp%2Fv2%2Fmedia&parent=3062"}],"curies":[{"name":"wp","href":"https:\/\/api.w.org\/{rel}","templated":true}]}}