{"id":2763,"date":"2015-12-15T11:07:07","date_gmt":"2015-12-15T10:07:07","guid":{"rendered":"http:\/\/ericante.fr\/?page_id=2763"},"modified":"2025-09-09T14:47:07","modified_gmt":"2025-09-09T13:47:07","slug":"livre-descales","status":"publish","type":"page","link":"https:\/\/ericante.fr\/?page_id=2763","title":{"rendered":"Livre d&rsquo;escales"},"content":{"rendered":"<p>Dans ce tableau vous trouverez\u00a0toutes les escales de Mega Watt depuis le d\u00e9part d&rsquo;Hy\u00e8res le 12 janvier 2022 et en dessous les escales de l&rsquo;Ericante entre\u00a0sa premi\u00e8re mise \u00e0 l&rsquo;eau le 3 novembre 2010 et le mois de septembre 2022<\/p>\r\n<p>Le lien ci dessous permet\u00a0d&rsquo;ouvrir le\u00a0tableau<\/p>\r\n<p><a href=\"https:\/\/ericante.fr\/wp-content\/uploads\/2025\/09\/livredescale.pdf\">Livre d&rsquo;escales<\/a><\/p>\r\n<p style=\"text-align: justify;\">Dans ce tableau figurent les dates de nos escales et un prix par nuit, il s&rsquo;agit du prix que nous avons pay\u00e9, pour nos bateaux, \u00a0au moment o\u00f9 nous avons fait escale. Ce prix est un prix tout compris avec taxes, eau, \u00e9lectricit\u00e9, wifi &#8230;<br \/>Nous n&rsquo;avons jamais cherch\u00e9 \u00e0 resquiller, mais avons cherch\u00e9 \u00e0 profiter de toutes les r\u00e9ductions possibles\u00a0: dur\u00e9e de s\u00e9jour prolong\u00e9e, basse saison, r\u00e9duction STW, paiement en esp\u00e8ces etc&#8230;<br \/>Parfois nous n&rsquo;avons rien pay\u00e9 car le bureau est rest\u00e9 ferm\u00e9 pendant toute la dur\u00e9e de notre escale.<\/p>\r\n<p>A la partie droite du tableau figurent des liens:<\/p>\r\n<ul>\r\n<li>Port = photos du port ou de la ville<\/li>\r\n<li>Blog = la page du blog correspondante<\/li>\r\n<li>Carte = la place exacte o\u00f9 nous \u00e9tions au mouillage ou dans le port.<\/li>\r\n<\/ul>\r\n\r\n<p>&nbsp;<\/p>\r\n","protected":false},"excerpt":{"rendered":"<p>Dans ce tableau vous trouverez\u00a0toutes les escales de Mega Watt depuis le d\u00e9part d&rsquo;Hy\u00e8res le 12 janvier 2022 et en dessous les escales de l&rsquo;Ericante entre\u00a0sa premi\u00e8re mise \u00e0 l&rsquo;eau le 3 novembre 2010 et le mois de septembre 2022 &hellip; <a href=\"https:\/\/ericante.fr\/?page_id=2763\">Continuer la lecture <span class=\"meta-nav\">&rarr;<\/span><\/a><\/p>\n","protected":false},"author":1,"featured_media":0,"parent":0,"menu_order":5,"comment_status":"closed","ping_status":"closed","template":"","meta":{"_monsterinsights_skip_tracking":false,"_monsterinsights_sitenote_active":false,"_monsterinsights_sitenote_note":"","_monsterinsights_sitenote_category":0,"_uf_show_specific_survey":0,"_uf_disable_surveys":false,"footnotes":""},"class_list":["post-2763","page","type-page","status-publish","hentry"],"_links":{"self":[{"href":"https:\/\/ericante.fr\/index.php?rest_route=\/wp\/v2\/pages\/2763","targetHints":{"allow":["GET"]}}],"collection":[{"href":"https:\/\/ericante.fr\/index.php?rest_route=\/wp\/v2\/pages"}],"about":[{"href":"https:\/\/ericante.fr\/index.php?rest_route=\/wp\/v2\/types\/page"}],"author":[{"embeddable":true,"href":"https:\/\/ericante.fr\/index.php?rest_route=\/wp\/v2\/users\/1"}],"replies":[{"embeddable":true,"href":"https:\/\/ericante.fr\/index.php?rest_route=%2Fwp%2Fv2%2Fcomments&post=2763"}],"version-history":[{"count":5,"href":"https:\/\/ericante.fr\/index.php?rest_route=\/wp\/v2\/pages\/2763\/revisions"}],"predecessor-version":[{"id":10315,"href":"https:\/\/ericante.fr\/index.php?rest_route=\/wp\/v2\/pages\/2763\/revisions\/10315"}],"wp:attachment":[{"href":"https:\/\/ericante.fr\/index.php?rest_route=%2Fwp%2Fv2%2Fmedia&parent=2763"}],"curies":[{"name":"wp","href":"https:\/\/api.w.org\/{rel}","templated":true}]}}