{"id":13,"date":"2015-07-28T11:50:47","date_gmt":"2015-07-28T10:50:47","guid":{"rendered":"http:\/\/ericante.fr\/?page_id=13"},"modified":"2025-06-30T07:19:16","modified_gmt":"2025-06-30T06:19:16","slug":"ou-sommes-nous","status":"publish","type":"page","link":"https:\/\/ericante.fr\/?page_id=13","title":{"rendered":"Notre position"},"content":{"rendered":"<p>&nbsp;<\/p>\n<p style=\"text-align: justify;\">Pour savoir o\u00f9 nous sommes, la premi\u00e8re solution consiste \u00e0 interroger un site de localisation AIS comme vesselfinder :\u00a0<span style=\"color: #000080;\"><span lang=\"zxx\"><u><a href=\"http:\/\/www.vesselfinder.com\/fr\/vessels\/ERICANTE-IMO-0-MMSI-227000940\">Vesselfinder<\/a><\/u><\/span><\/span> ou Marine trafic: <span style=\"color: #000080;\"><span lang=\"zxx\"><u><a href=\"http:\/\/www.marinetraffic.com\/en\/ais\/details\/ships\/shipid:172366\/imo:0\/mmsi:227000940\/vessel:ERICANTE\">Marinetraffic<\/a><\/u><\/span><\/span><\/p>\n<p style=\"text-align: justify;\">Ce second site semble actuellement moins performant que le premier. Ces sites rel\u00e8vent les positions \u00e9mises par notre transpondeur AIS. L\u2019\u00e9metteur de classe B n&rsquo;a qu&rsquo;une port\u00e9e de 3 \u00e0 5 miles et ne donne souvent la position qu&rsquo;\u00e0 proximit\u00e9 d&rsquo;un port. Il existe un site sp\u00e9cifique pour android : Findvessel<u><\/u><\/p>\n<p>Une autre solution consiste \u00e0 cliquer sur Mes cartes et l&rsquo;ann\u00e9e concern\u00e9e.<\/p>\n<p style=\"text-align: justify;\">Sur la carte figurent toutes nos escales de l&rsquo;ann\u00e9e. En zoomant, on peut voir la place exacte o\u00f9 nous avons mouill\u00e9 ou la place que nous avons occup\u00e9e dans le port.<\/p>\n<p style=\"text-align: justify;\">En cliquant sur le rep\u00e8re, il y a le nom et les dates de l&rsquo;escale.<\/p>\n<p style=\"text-align: justify;\">\n","protected":false},"excerpt":{"rendered":"<p>&nbsp; Pour savoir o\u00f9 nous sommes, la premi\u00e8re solution consiste \u00e0 interroger un site de localisation AIS comme vesselfinder :\u00a0Vesselfinder ou Marine trafic: Marinetraffic Ce second site semble actuellement moins performant que le premier. Ces sites rel\u00e8vent les positions \u00e9mises &hellip; <a href=\"https:\/\/ericante.fr\/?page_id=13\">Continuer la lecture <span class=\"meta-nav\">&rarr;<\/span><\/a><\/p>\n","protected":false},"author":1,"featured_media":0,"parent":0,"menu_order":4,"comment_status":"open","ping_status":"closed","template":"","meta":{"_monsterinsights_skip_tracking":false,"_monsterinsights_sitenote_active":false,"_monsterinsights_sitenote_note":"","_monsterinsights_sitenote_category":0,"_uf_show_specific_survey":0,"_uf_disable_surveys":false,"footnotes":""},"class_list":["post-13","page","type-page","status-publish","hentry"],"_links":{"self":[{"href":"https:\/\/ericante.fr\/index.php?rest_route=\/wp\/v2\/pages\/13","targetHints":{"allow":["GET"]}}],"collection":[{"href":"https:\/\/ericante.fr\/index.php?rest_route=\/wp\/v2\/pages"}],"about":[{"href":"https:\/\/ericante.fr\/index.php?rest_route=\/wp\/v2\/types\/page"}],"author":[{"embeddable":true,"href":"https:\/\/ericante.fr\/index.php?rest_route=\/wp\/v2\/users\/1"}],"replies":[{"embeddable":true,"href":"https:\/\/ericante.fr\/index.php?rest_route=%2Fwp%2Fv2%2Fcomments&post=13"}],"version-history":[{"count":5,"href":"https:\/\/ericante.fr\/index.php?rest_route=\/wp\/v2\/pages\/13\/revisions"}],"predecessor-version":[{"id":9811,"href":"https:\/\/ericante.fr\/index.php?rest_route=\/wp\/v2\/pages\/13\/revisions\/9811"}],"wp:attachment":[{"href":"https:\/\/ericante.fr\/index.php?rest_route=%2Fwp%2Fv2%2Fmedia&parent=13"}],"curies":[{"name":"wp","href":"https:\/\/api.w.org\/{rel}","templated":true}]}}